{"id":5627,"date":"2025-03-27T12:49:56","date_gmt":"2025-03-27T11:49:56","guid":{"rendered":"https:\/\/www.sunwaytech.eu\/product\/unkategorisiert\/sunwaytech-stackable-set-25-kwh\/"},"modified":"2025-03-27T12:49:56","modified_gmt":"2025-03-27T11:49:56","slug":"sunwaytech-stackable-set-25-kwh","status":"publish","type":"product","link":"https:\/\/www.sunwaytech.eu\/de\/product\/unkategorisiert\/sunwaytech-stackable-set-25-kwh\/","title":{"rendered":"Sunwaytech Stapelbarer Akku 25 kWh"},"content":{"rendered":"<p class=\"\" data-start=\"269\" data-end=\"388\">Die <strong data-start=\"185\" data-end=\"225\"><\/strong> ist eine komplette, modulare Energiel\u00f6sung f\u00fcr <strong data-start=\"275\" data-end=\"294\">3-Phasen-Systeme<\/strong>. Es besteht aus f\u00fcnf stapelbaren 5-kWh-Batterieeinheiten und einer 5-kWh-Basis + BMS, ideal f\u00fcr H\u00e4user mit h\u00f6herem Energiebedarf. Dieses System bietet eine zuverl\u00e4ssige und skalierbare M\u00f6glichkeit, Ihre Energiespeicherkapazit\u00e4t zu erh\u00f6hen.<\/p>\n<ul data-start=\"420\" data-end=\"983\">\n<li class=\"\" data-start=\"420\" data-end=\"533\">\n<p class=\"\" data-start=\"422\" data-end=\"533\"><strong data-start=\"422\" data-end=\"451\">Modular und erweiterbar:<\/strong> <span class=\"relative -mx-px my-[-0.2rem] rounded px-px py-[0.2rem] transition-colors duration-100 ease-in-out\">Die Batterie besteht aus f\u00fcnf separaten 5 kWh-Einheiten, die zusammen eine Gesamtkapazit\u00e4t von 25 kWh bieten. Dieses Design macht es einfach, die Speicherkapazit\u00e4t durch Hinzuf\u00fcgen zus\u00e4tzlicher Einheiten zu erweitern.  Das Set kann auf bis zu 8 Einheiten (40 kWh) erweitert werden, so dass das System mit Ihrem Energiebedarf w\u00e4chst.<\/span><\/p>\n<\/li>\n<li class=\"\" data-start=\"535\" data-end=\"644\">\n<p class=\"\" data-start=\"537\" data-end=\"644\"><strong data-start=\"537\" data-end=\"562\">Basis + BMS:<\/strong> <span class=\"relative -mx-px my-[-0.2rem] rounded px-px py-[0.2rem] transition-colors duration-100 ease-in-out\">Das Kit wird mit einer 5-kWh-Basiseinheit und einem integrierten Batteriemanagementsystem (BMS) geliefert, das f\u00fcr die sichere und effiziente Verwaltung der Batterie unerl\u00e4sslich ist. Ohne diese Basiseinheit und das BMS wird die Batterie nicht funktionieren. <\/span><\/p>\n<\/li>\n<li class=\"\" data-start=\"646\" data-end=\"756\">\n<p class=\"\" data-start=\"648\" data-end=\"756\"><strong data-start=\"648\" data-end=\"674\">Sicher und zuverl\u00e4ssig:<\/strong> <span class=\"relative -mx-px my-[-0.2rem] rounded px-px py-[0.2rem] transition-colors duration-100 ease-in-out\">Das BMS sch\u00fctzt vor \u00dcberlastung, \u00dcberhitzung und anderen Risiken und sorgt so f\u00fcr eine lange Lebensdauer der Batterie und optimale Leistung.<\/span><\/p>\n<\/li>\n<li class=\"\" data-start=\"758\" data-end=\"873\">\n<p class=\"\" data-start=\"760\" data-end=\"873\"><strong>Einfache Installation:<\/strong> <span class=\"relative -mx-px my-[-0.2rem] rounded px-px py-[0.2rem] transition-colors duration-100 ease-in-out\">Das Plug-and-Play-Design macht die Installation schnell und einfach, ohne komplizierte Verkabelung.<\/span><\/p>\n<\/li>\n<li class=\"\" data-start=\"875\" data-end=\"983\">\n<p class=\"\" data-start=\"877\" data-end=\"983\"><strong data-start=\"877\" data-end=\"897\">Kompatibilit\u00e4t:<\/strong> <span class=\"relative -mx-px my-[-0.2rem] rounded px-px py-[0.2rem] transition-colors duration-100 ease-in-out\">Die Batterie ist f\u00fcr die Verwendung mit verschiedenen Wechselrichtern geeignet.<\/span><\/p>\n<\/li>\n<\/ul>\n<p>M\u00f6chten Sie dar\u00fcber hinaus von dynamischen Energietarifen und einer schnellen Amortisationszeit profitieren? Dann f\u00fcgen Sie unser <a href=\"https:\/\/www.sunwaytech.eu\/de\/product\/ems-de\/beer-doorn-energy-management-system\/\" target=\"_blank\" rel=\"noopener\"><u>Energie-Management-System (EMS)<\/u><\/a> dazu. Damit k\u00f6nnen Sie nicht nur intelligent auf dem Ausgleichsmarkt handeln, sondern auch von zus\u00e4tzlichen Funktionen wie Lastausgleich, Peak Shaving und K\u00fcrzung profitieren, ideal f\u00fcr Gesch\u00e4ftskunden. Schlie\u00dfen Sie das EMS an Ihren Wechselrichter und Ihren intelligenten Stromz\u00e4hler an, w\u00e4hlen Sie die gew\u00fcnschte Funktion aus und schon sind Sie fertig.   <\/p>\n<p>F\u00fcr Haushalte mit <strong>durchschnittlichem Energieverbrauch<\/strong> bieten die <strong>1-phasigen Wallmount-Batterien von Sunwaytech<\/strong> eine effiziente und kompakte L\u00f6sung. Diese All-in-One-Batterien sind ideal f\u00fcr Haushalte ohne Bedarf an erweiterbarer Speicherkapazit\u00e4t und eignen sich f\u00fcr 1-Phasen-Wechselrichter. Dar\u00fcber hinaus k\u00f6nnen die Wallmount-Batterien parallel auf bis zu 3 Einheiten erweitert werden, um zus\u00e4tzliche Speicherkapazit\u00e4t f\u00fcr einen gr\u00f6\u00dferen Energiebedarf oder eine gr\u00f6\u00dfere Anzahl von Solarmodulen zu schaffen.  <\/p>\n<p>&nbsp;<\/p>\n","protected":false},"excerpt":{"rendered":"<p>Die ist eine komplette, modulare Energiel\u00f6sung f\u00fcr 3-Phasen-Systeme. Es besteht aus f\u00fcnf stapelbaren 5-kWh-Batterieeinheiten und einer 5-kWh-Basis + BMS, ideal f\u00fcr H\u00e4user mit h\u00f6herem Energiebedarf. Dieses System bietet eine zuverl\u00e4ssige und skalierbare M\u00f6glichkeit, Ihre Energiespeicherkapazit\u00e4t zu erh\u00f6hen. Modular und erweiterbar: Die Batterie besteht aus f\u00fcnf separaten 5 kWh-Einheiten, die zusammen eine Gesamtkapazit\u00e4t von 25 kWh [&hellip;]<\/p>\n","protected":false},"featured_media":5631,"template":"","meta":{"_acf_changed":false},"product_brand":[],"product_cat":[],"product_tag":[],"class_list":{"0":"post-5627","1":"product","2":"type-product","3":"status-publish","4":"has-post-thumbnail","7":"first","8":"instock","9":"taxable","10":"shipping-taxable","11":"purchasable","12":"product-type-simple"},"acf":[],"_links":{"self":[{"href":"https:\/\/www.sunwaytech.eu\/de\/wp-json\/wp\/v2\/product\/5627","targetHints":{"allow":["GET"]}}],"collection":[{"href":"https:\/\/www.sunwaytech.eu\/de\/wp-json\/wp\/v2\/product"}],"about":[{"href":"https:\/\/www.sunwaytech.eu\/de\/wp-json\/wp\/v2\/types\/product"}],"version-history":[{"count":0,"href":"https:\/\/www.sunwaytech.eu\/de\/wp-json\/wp\/v2\/product\/5627\/revisions"}],"wp:featuredmedia":[{"embeddable":true,"href":"https:\/\/www.sunwaytech.eu\/de\/wp-json\/wp\/v2\/media\/5631"}],"wp:attachment":[{"href":"https:\/\/www.sunwaytech.eu\/de\/wp-json\/wp\/v2\/media?parent=5627"}],"wp:term":[{"taxonomy":"product_brand","embeddable":true,"href":"https:\/\/www.sunwaytech.eu\/de\/wp-json\/wp\/v2\/product_brand?post=5627"},{"taxonomy":"product_cat","embeddable":true,"href":"https:\/\/www.sunwaytech.eu\/de\/wp-json\/wp\/v2\/product_cat?post=5627"},{"taxonomy":"product_tag","embeddable":true,"href":"https:\/\/www.sunwaytech.eu\/de\/wp-json\/wp\/v2\/product_tag?post=5627"}],"curies":[{"name":"wp","href":"https:\/\/api.w.org\/{rel}","templated":true}]}}