{"id":5633,"date":"2025-03-25T12:54:04","date_gmt":"2025-03-25T11:54:04","guid":{"rendered":"https:\/\/www.sunwaytech.eu\/product\/unkategorisiert\/set-2-1-fase-3-kw-omvormer-10-kwh-wallmount-batterij\/"},"modified":"2025-03-25T12:54:04","modified_gmt":"2025-03-25T11:54:04","slug":"set-2-1-fase-3-kw-omvormer-10-kwh-wallmount-batterij","status":"publish","type":"product","link":"https:\/\/www.sunwaytech.eu\/de\/product\/sets-de\/set-2-1-fase-3-kw-omvormer-10-kwh-wallmount-batterij\/","title":{"rendered":"Set 2: 1 Phase 3 kW Wechselrichter + 10 kWh Wandbatterie"},"content":{"rendered":"<p class=\"\" data-start=\"155\" data-end=\"473\">Dieses Set ist eine leistungsstarke und flexible Energiel\u00f6sung f\u00fcr <strong> einphasige<\/strong> Systeme. Dieses Set besteht aus einem <strong>3<\/strong><strong> kW AC-gekoppelten Wechselrichter<\/strong> in Kombination mit einer <strong>10<\/strong><strong> kWh Wallmount Home Battery<\/strong> und ist zu einem sp\u00e4teren Zeitpunkt auf maximal drei parallel geschaltete Einheiten (30 kW) erweiterbar. Perfekt f\u00fcr Situationen, in denen Sie bereits Mikro-Wechselrichter oder einen vorhandenen String-Wechselrichter haben, den Sie nicht ersetzen wollen oder k\u00f6nnen.  <\/p>\n<p class=\"\" data-start=\"155\" data-end=\"473\">Dieses Set ist ideal f\u00fcr Benutzer geeignet, die ihre Batterie zu einem sp\u00e4teren Zeitpunkt zu einer bestehenden PV-Anlage hinzuf\u00fcgen m\u00f6chten, ohne dabei Kompromisse bei der Leistung oder Flexibilit\u00e4t einzugehen.<\/p>\n<p class=\"\" data-start=\"696\" data-end=\"898\">Kombinieren Sie dieses Set mit dem <a href=\"https:\/\/www.sunwaytech.eu\/de\/product\/ems-de\/beer-doorn-energy-management-system\/\" target=\"_blank\" rel=\"noopener\">EMS von Beer &amp; Thorn<\/a> f\u00fcr maximale Kontrolle und Effizienz. Das EMS erm\u00f6glicht ein intelligentes Energiemanagement mit Funktionen wie Lastausgleich, Peak Shaving und K\u00fcrzung. Sie k\u00f6nnen auch die Vorteile dynamischer Energietarife nutzen und auf dem Ausgleichsmarkt handeln &#8211; ideal f\u00fcr diejenigen, die eine schnelle Amortisation und eine optimale Nutzung ihrer Energiespeicher anstreben. Schlie\u00dfen Sie das EMS einfach an Ihren Wechselrichter und Ihren intelligenten Z\u00e4hler an, w\u00e4hlen Sie die gew\u00fcnschte Strategie und lassen Sie das System die Arbeit machen.   <\/p>\n","protected":false},"excerpt":{"rendered":"<p>Dieses Set ist eine leistungsstarke und flexible Energiel\u00f6sung f\u00fcr einphasige Systeme. Dieses Set besteht aus einem 3 kW AC-gekoppelten Wechselrichter in Kombination mit einer 10 kWh Wallmount Home Battery und ist zu einem sp\u00e4teren Zeitpunkt auf maximal drei parallel geschaltete Einheiten (30 kW) erweiterbar. Perfekt f\u00fcr Situationen, in denen Sie bereits Mikro-Wechselrichter oder einen vorhandenen [&hellip;]<\/p>\n","protected":false},"featured_media":5640,"template":"","meta":{"_acf_changed":false},"product_brand":[258],"product_cat":[221],"product_tag":[],"class_list":{"0":"post-5633","1":"product","2":"type-product","3":"status-publish","4":"has-post-thumbnail","6":"product_brand-sunwaytech-de","7":"product_cat-sets-de","9":"first","10":"outofstock","11":"taxable","12":"shipping-taxable","13":"purchasable","14":"product-type-woosb"},"acf":[],"_links":{"self":[{"href":"https:\/\/www.sunwaytech.eu\/de\/wp-json\/wp\/v2\/product\/5633","targetHints":{"allow":["GET"]}}],"collection":[{"href":"https:\/\/www.sunwaytech.eu\/de\/wp-json\/wp\/v2\/product"}],"about":[{"href":"https:\/\/www.sunwaytech.eu\/de\/wp-json\/wp\/v2\/types\/product"}],"version-history":[{"count":0,"href":"https:\/\/www.sunwaytech.eu\/de\/wp-json\/wp\/v2\/product\/5633\/revisions"}],"wp:featuredmedia":[{"embeddable":true,"href":"https:\/\/www.sunwaytech.eu\/de\/wp-json\/wp\/v2\/media\/5640"}],"wp:attachment":[{"href":"https:\/\/www.sunwaytech.eu\/de\/wp-json\/wp\/v2\/media?parent=5633"}],"wp:term":[{"taxonomy":"product_brand","embeddable":true,"href":"https:\/\/www.sunwaytech.eu\/de\/wp-json\/wp\/v2\/product_brand?post=5633"},{"taxonomy":"product_cat","embeddable":true,"href":"https:\/\/www.sunwaytech.eu\/de\/wp-json\/wp\/v2\/product_cat?post=5633"},{"taxonomy":"product_tag","embeddable":true,"href":"https:\/\/www.sunwaytech.eu\/de\/wp-json\/wp\/v2\/product_tag?post=5633"}],"curies":[{"name":"wp","href":"https:\/\/api.w.org\/{rel}","templated":true}]}}