{"id":5635,"date":"2025-03-18T18:18:59","date_gmt":"2025-03-18T17:18:59","guid":{"rendered":"https:\/\/www.sunwaytech.eu\/product\/unkategorisiert\/sunwaytech-zonnepaneel-575wp\/"},"modified":"2025-03-18T18:18:59","modified_gmt":"2025-03-18T17:18:59","slug":"sunwaytech-zonnepaneel-575wp","status":"publish","type":"product","link":"https:\/\/www.sunwaytech.eu\/de\/product\/solarmodule\/sunwaytech-zonnepaneel-575wp\/","title":{"rendered":"Sunwaytech Sonnenkollektor 575Wp"},"content":{"rendered":"<p>M\u00f6chten Sie als Privatperson oder Unternehmen die Vorteile der Solarenergie optimal nutzen? Mit unseren Solarmodulen entscheiden Sie sich f\u00fcr hochwertige und effiziente Module, die einen hohen Energieertrag und eine lange Lebensdauer garantieren. Unsere Paneele sind so konzipiert, dass sie unter allen Wetterbedingungen optimal funktionieren, so dass Sie Jahr f\u00fcr Jahr bei Ihren Energiekosten sparen.  <\/p>\n<p>F\u00fcr den Unternehmensmarkt bieten unsere Solarmodule eine ideale L\u00f6sung, um Gesch\u00e4ftsr\u00e4ume, Produktionshallen und Logistikzentren energieeffizienter zu machen. In Kombination mit unseren kommerziellen Batterien und dem <a href=\"https:\/\/www.sunwaytech.eu\/product\/ems\/beer-doorn-energy-management-system\/\" target=\"_blank\" rel=\"noopener\">EMS (Energiemanagementsystem)<\/a> k\u00f6nnen Sie \u00fcbersch\u00fcssige Solarenergie speichern und sie intelligent f\u00fcr Spitzenlastausgleich, Lastausgleich und Energiehandel nutzen. Auf diese Weise senken Sie Ihre Energiekosten und erh\u00f6hen Ihre Unabh\u00e4ngigkeit vom Stromnetz.  <\/p>\n<p>Unsere Solarmodule sind mit <strong>1-phasigen<\/strong> und <strong>3-phasigen<\/strong> Wechselrichtern kompatibel und eignen sich daher perfekt f\u00fcr private und gro\u00dfe Installationen. Mit hoher Effizienz und zuverl\u00e4ssiger Leistung holen Sie das Beste aus jedem Sonnenstrahl heraus. <\/p>\n<p>Entscheiden Sie sich f\u00fcr Nachhaltigkeit, Kosteneinsparungen und maximalen Energieertrag mit Sunwaytech Solarmodulen. Kombinieren Sie sie mit unseren intelligenten Energiel\u00f6sungen und machen Sie Ihr Haus oder Unternehmen fit f\u00fcr die Zukunft. <\/p>\n","protected":false},"excerpt":{"rendered":"<p>M\u00f6chten Sie als Privatperson oder Unternehmen die Vorteile der Solarenergie optimal nutzen? Mit unseren Solarmodulen entscheiden Sie sich f\u00fcr hochwertige und effiziente Module, die einen hohen Energieertrag und eine lange Lebensdauer garantieren. Unsere Paneele sind so konzipiert, dass sie unter allen Wetterbedingungen optimal funktionieren, so dass Sie Jahr f\u00fcr Jahr bei Ihren Energiekosten sparen. F\u00fcr [&hellip;]<\/p>\n","protected":false},"featured_media":5650,"template":"","meta":{"_acf_changed":false},"product_brand":[258],"product_cat":[223],"product_tag":[],"class_list":{"0":"post-5635","1":"product","2":"type-product","3":"status-publish","4":"has-post-thumbnail","6":"product_brand-sunwaytech-de","7":"product_cat-solarmodule","9":"first","10":"outofstock","11":"taxable","12":"shipping-taxable","13":"product-type-simple"},"acf":[],"_links":{"self":[{"href":"https:\/\/www.sunwaytech.eu\/de\/wp-json\/wp\/v2\/product\/5635","targetHints":{"allow":["GET"]}}],"collection":[{"href":"https:\/\/www.sunwaytech.eu\/de\/wp-json\/wp\/v2\/product"}],"about":[{"href":"https:\/\/www.sunwaytech.eu\/de\/wp-json\/wp\/v2\/types\/product"}],"version-history":[{"count":0,"href":"https:\/\/www.sunwaytech.eu\/de\/wp-json\/wp\/v2\/product\/5635\/revisions"}],"wp:featuredmedia":[{"embeddable":true,"href":"https:\/\/www.sunwaytech.eu\/de\/wp-json\/wp\/v2\/media\/5650"}],"wp:attachment":[{"href":"https:\/\/www.sunwaytech.eu\/de\/wp-json\/wp\/v2\/media?parent=5635"}],"wp:term":[{"taxonomy":"product_brand","embeddable":true,"href":"https:\/\/www.sunwaytech.eu\/de\/wp-json\/wp\/v2\/product_brand?post=5635"},{"taxonomy":"product_cat","embeddable":true,"href":"https:\/\/www.sunwaytech.eu\/de\/wp-json\/wp\/v2\/product_cat?post=5635"},{"taxonomy":"product_tag","embeddable":true,"href":"https:\/\/www.sunwaytech.eu\/de\/wp-json\/wp\/v2\/product_tag?post=5635"}],"curies":[{"name":"wp","href":"https:\/\/api.w.org\/{rel}","templated":true}]}}