{"id":5652,"date":"2025-03-18T18:18:48","date_gmt":"2025-03-18T17:18:48","guid":{"rendered":"https:\/\/www.sunwaytech.eu\/product\/unkategorisiert\/sunwaytech-string-omvormer-8-kw-3-fase\/"},"modified":"2025-03-18T18:18:48","modified_gmt":"2025-03-18T17:18:48","slug":"sunwaytech-string-omvormer-8-kw-3-fase","status":"publish","type":"product","link":"https:\/\/www.sunwaytech.eu\/de\/product\/wechselrichter\/netzgekoppelt\/sunwaytech-string-omvormer-8-kw-3-fase\/","title":{"rendered":"Sunwaytech String-Wechselrichter 8 kW 3 Phasen"},"content":{"rendered":"<p>Der <strong>, auch Netzwechselrichter genannt, ist ein wesentlicher Bestandteil jeder Solarstromanlage. Dieser Wechselrichter wandelt den von den Solarmodulen erzeugten Gleichstrom (DC) in Wechselstrom (AC) um, der f\u00fcr die Verwendung in Ihrem Haus oder Unternehmen und f\u00fcr die Einspeisung ins Netz geeignet ist.<\/strong>  <\/p>\n<p>Regul\u00e4re Wechselrichter sind die ideale Wahl, wenn Sie keinen Batteriespeicher hinzuf\u00fcgen und nur Solarstrom f\u00fcr den direkten Gebrauch oder zur Einspeisung ins Netz erzeugen m\u00f6chten. Regul\u00e4re Wechselrichter sind auch eine hervorragende L\u00f6sung, wenn Sie einen vorhandenen Wechselrichter ersetzen m\u00f6chten. <\/p>\n","protected":false},"excerpt":{"rendered":"<p>Der , auch Netzwechselrichter genannt, ist ein wesentlicher Bestandteil jeder Solarstromanlage. Dieser Wechselrichter wandelt den von den Solarmodulen erzeugten Gleichstrom (DC) in Wechselstrom (AC) um, der f\u00fcr die Verwendung in Ihrem Haus oder Unternehmen und f\u00fcr die Einspeisung ins Netz geeignet ist. Regul\u00e4re Wechselrichter sind die ideale Wahl, wenn Sie keinen Batteriespeicher hinzuf\u00fcgen und nur [&hellip;]<\/p>\n","protected":false},"featured_media":5655,"template":"","meta":{"_acf_changed":false},"product_brand":[258],"product_cat":[220],"product_tag":[],"class_list":{"0":"post-5652","1":"product","2":"type-product","3":"status-publish","4":"has-post-thumbnail","6":"product_brand-sunwaytech-de","7":"product_cat-netzgekoppelt","9":"first","10":"outofstock","11":"taxable","12":"shipping-taxable","13":"purchasable","14":"product-type-simple"},"acf":[],"_links":{"self":[{"href":"https:\/\/www.sunwaytech.eu\/de\/wp-json\/wp\/v2\/product\/5652","targetHints":{"allow":["GET"]}}],"collection":[{"href":"https:\/\/www.sunwaytech.eu\/de\/wp-json\/wp\/v2\/product"}],"about":[{"href":"https:\/\/www.sunwaytech.eu\/de\/wp-json\/wp\/v2\/types\/product"}],"version-history":[{"count":0,"href":"https:\/\/www.sunwaytech.eu\/de\/wp-json\/wp\/v2\/product\/5652\/revisions"}],"wp:featuredmedia":[{"embeddable":true,"href":"https:\/\/www.sunwaytech.eu\/de\/wp-json\/wp\/v2\/media\/5655"}],"wp:attachment":[{"href":"https:\/\/www.sunwaytech.eu\/de\/wp-json\/wp\/v2\/media?parent=5652"}],"wp:term":[{"taxonomy":"product_brand","embeddable":true,"href":"https:\/\/www.sunwaytech.eu\/de\/wp-json\/wp\/v2\/product_brand?post=5652"},{"taxonomy":"product_cat","embeddable":true,"href":"https:\/\/www.sunwaytech.eu\/de\/wp-json\/wp\/v2\/product_cat?post=5652"},{"taxonomy":"product_tag","embeddable":true,"href":"https:\/\/www.sunwaytech.eu\/de\/wp-json\/wp\/v2\/product_tag?post=5652"}],"curies":[{"name":"wp","href":"https:\/\/api.w.org\/{rel}","templated":true}]}}