{"id":5653,"date":"2025-03-18T18:18:54","date_gmt":"2025-03-18T17:18:54","guid":{"rendered":"https:\/\/www.sunwaytech.eu\/product\/unkategorisiert\/sunwaytech-wallmount-battery-10-kwh\/"},"modified":"2025-03-18T18:18:54","modified_gmt":"2025-03-18T17:18:54","slug":"sunwaytech-wallmount-battery-10-kwh","status":"publish","type":"product","link":"https:\/\/www.sunwaytech.eu\/de\/product\/batterien\/heimbatterien\/wandmontiert\/sunwaytech-wallmount-battery-10-kwh\/","title":{"rendered":"Sunwaytech Wandmontage-Akku 10 kWh"},"content":{"rendered":"<p class=\"\" data-start=\"48\" data-end=\"440\">Die  <strong data-start=\"51\" data-end=\"94\"><\/strong>  ist eine Energiel\u00f6sung f\u00fcr <strong>einphasige<\/strong> Systeme, die darauf ausgelegt ist, die tags\u00fcber erzeugte Solarenergie effizient zu speichern und sie dann zu nutzen, wenn Sie sie brauchen. Dies reduziert die Abh\u00e4ngigkeit vom Stromnetz und gew\u00e4hrleistet eine optimale Nutzung der Solarenergieproduktion, auch wenn die Sonne nicht scheint. <\/p>\n<ul data-start=\"509\" data-end=\"1093\">\n<li class=\"\" data-start=\"509\" data-end=\"636\">\n<p class=\"\" data-start=\"511\" data-end=\"636\"><strong data-start=\"511\" data-end=\"536\">All-in-One-Design:<\/strong> integriertes Batteriemanagementsystem (BMS) f\u00fcr eine einfache Installation ohne zus\u00e4tzliche Komponenten.<\/p>\n<\/li>\n<li class=\"\" data-start=\"638\" data-end=\"740\">\n<p class=\"\" data-start=\"640\" data-end=\"740\"><strong data-start=\"640\" data-end=\"655\">Kapazit\u00e4t:<\/strong> 5 kWh Speicherkapazit\u00e4t, geeignet f\u00fcr Haushalte mit durchschnittlichem Stromverbrauch.<\/p>\n<\/li>\n<li class=\"\" data-start=\"742\" data-end=\"860\">\n<p class=\"\" data-start=\"744\" data-end=\"860\"><strong data-start=\"701\" data-end=\"718\">LED-Anzeige<\/strong>: Eine \u00fcbersichtliche LED-Anzeige zeigt den Ladezustand des Akkus an und gibt Ihnen einen schnellen \u00dcberblick \u00fcber den aktuellen Status Ihres Energiespeichers.<\/p>\n<\/li>\n<li class=\"\" data-start=\"862\" data-end=\"1001\">\n<p class=\"\" data-start=\"864\" data-end=\"1001\"><strong data-start=\"864\" data-end=\"879\">Sicherheit:<\/strong> Ausgestattet mit mehreren Schutzmechanismen, einschlie\u00dflich Schutz vor \u00dcberlast, \u00dcberhitzung und Kurzschluss.<\/p>\n<\/li>\n<li class=\"\" data-start=\"1003\" data-end=\"1093\">\n<p class=\"\" data-start=\"1005\" data-end=\"1093\"><strong data-start=\"1005\" data-end=\"1025\">Kompatibilit\u00e4t:<\/strong> Geeignet f\u00fcr die Verwendung mit verschiedenen 1-Phasen-Wechselrichtern.<\/p>\n<\/li>\n<\/ul>\n<p>M\u00f6chten Sie dar\u00fcber hinaus von dynamischen Energietarifen und einer schnellen Amortisationszeit profitieren? Dann f\u00fcgen Sie unser <strong><a href=\"https:\/\/www.sunwaytech.eu\/product\/ems\/beer-doorn-energy-management-system\/\" target=\"_blank\" rel=\"noopener\"><u>Energie-Management-System (EMS)<\/u><\/a><\/strong> dazu. Damit k\u00f6nnen Sie nicht nur intelligent auf dem Ausgleichsmarkt handeln, sondern auch von zus\u00e4tzlichen Funktionen wie Lastausgleich, Peak Shaving und K\u00fcrzung profitieren, ideal f\u00fcr Gesch\u00e4ftskunden. Schlie\u00dfen Sie das EMS an Ihren Wechselrichter und Ihren intelligenten Stromz\u00e4hler an, w\u00e4hlen Sie die gew\u00fcnschte Funktion aus und schon sind Sie fertig.   <\/p>\n<p>F\u00fcr einen <strong>gr\u00f6\u00dferen Energiebedarf<\/strong> bieten die 3-phasigen stapelbaren Hausbatterien eine flexible und skalierbare L\u00f6sung. Dieses modulare System ist ideal f\u00fcr Haushalte und Unternehmen mit einem 3-Phasen-Wechselrichter und kann leicht erweitert werden, um Ihren Energiespeicherbedarf zu decken. <\/p>\n<p>Entscheiden Sie sich f\u00fcr Nachhaltigkeit, Flexibilit\u00e4t und maximale Einsparungen mit Sunwaytech Hausbatterien. Konfigurieren Sie sie ganz einfach mit Ihrem Wechselrichter und \u00fcbernehmen Sie die volle Kontrolle \u00fcber Ihren Energieverbrauch. <\/p>\n","protected":false},"excerpt":{"rendered":"<p>Die ist eine Energiel\u00f6sung f\u00fcr einphasige Systeme, die darauf ausgelegt ist, die tags\u00fcber erzeugte Solarenergie effizient zu speichern und sie dann zu nutzen, wenn Sie sie brauchen. Dies reduziert die Abh\u00e4ngigkeit vom Stromnetz und gew\u00e4hrleistet eine optimale Nutzung der Solarenergieproduktion, auch wenn die Sonne nicht scheint. All-in-One-Design: integriertes Batteriemanagementsystem (BMS) f\u00fcr eine einfache Installation ohne [&hellip;]<\/p>\n","protected":false},"featured_media":5654,"template":"","meta":{"_acf_changed":false},"product_brand":[258],"product_cat":[214],"product_tag":[],"class_list":{"0":"post-5653","1":"product","2":"type-product","3":"status-publish","4":"has-post-thumbnail","6":"product_brand-sunwaytech-de","7":"product_cat-wandmontiert","9":"first","10":"outofstock","11":"taxable","12":"shipping-taxable","13":"purchasable","14":"product-type-simple"},"acf":[],"_links":{"self":[{"href":"https:\/\/www.sunwaytech.eu\/de\/wp-json\/wp\/v2\/product\/5653","targetHints":{"allow":["GET"]}}],"collection":[{"href":"https:\/\/www.sunwaytech.eu\/de\/wp-json\/wp\/v2\/product"}],"about":[{"href":"https:\/\/www.sunwaytech.eu\/de\/wp-json\/wp\/v2\/types\/product"}],"version-history":[{"count":0,"href":"https:\/\/www.sunwaytech.eu\/de\/wp-json\/wp\/v2\/product\/5653\/revisions"}],"wp:featuredmedia":[{"embeddable":true,"href":"https:\/\/www.sunwaytech.eu\/de\/wp-json\/wp\/v2\/media\/5654"}],"wp:attachment":[{"href":"https:\/\/www.sunwaytech.eu\/de\/wp-json\/wp\/v2\/media?parent=5653"}],"wp:term":[{"taxonomy":"product_brand","embeddable":true,"href":"https:\/\/www.sunwaytech.eu\/de\/wp-json\/wp\/v2\/product_brand?post=5653"},{"taxonomy":"product_cat","embeddable":true,"href":"https:\/\/www.sunwaytech.eu\/de\/wp-json\/wp\/v2\/product_cat?post=5653"},{"taxonomy":"product_tag","embeddable":true,"href":"https:\/\/www.sunwaytech.eu\/de\/wp-json\/wp\/v2\/product_tag?post=5653"}],"curies":[{"name":"wp","href":"https:\/\/api.w.org\/{rel}","templated":true}]}}