{"id":5673,"date":"2025-03-18T18:18:54","date_gmt":"2025-03-18T17:18:54","guid":{"rendered":"https:\/\/www.sunwaytech.eu\/product\/unkategorisiert\/sunwaytech-hybride-omvormer-17-kw-3-fase\/"},"modified":"2025-03-18T18:18:54","modified_gmt":"2025-03-18T17:18:54","slug":"sunwaytech-hybride-omvormer-17-kw-3-fase","status":"publish","type":"product","link":"https:\/\/www.sunwaytech.eu\/de\/product\/wechselrichter\/hybrid-de\/sunwaytech-hybride-omvormer-17-kw-3-fase\/","title":{"rendered":"Sunwaytech Hybrid-Wechselrichter 17 kW 3 Phasen"},"content":{"rendered":"<p>Die  <strong><\/strong>  kombiniert die Funktionalit\u00e4ten eines herk\u00f6mmlichen Wechselrichters mit denen eines Batteriemanagementsystems. W\u00e4hrend ein normaler Wechselrichter nur den Z\u00e4hlerkasten mit Strom versorgen kann, kann ein Hybrid-Wechselrichter den erzeugten Strom zwischen dem Z\u00e4hlerkasten und einer Batterie verteilen.  Das macht einen Hybrid-Wechselrichter unverzichtbar f\u00fcr Hausbatterien oder kommerzielle Batteriespeichersysteme.<\/p>\n<p>Hybrid-Wechselrichter werden direkt an die PV-Strings (Solarmodule) angeschlossen und sorgen f\u00fcr eine effiziente Stromverteilung: Ein Teil des erzeugten Stroms geht an den Z\u00e4hlerkasten zur direkten Nutzung oder zur Einspeisung ins Netz, w\u00e4hrend der Rest in der Batterie f\u00fcr die sp\u00e4tere Nutzung gespeichert wird.<\/p>\n<p>Mit einem Hybrid-Wechselrichter holen Sie das Beste aus Ihrer Solarstromanlage heraus und erh\u00f6hen Ihre Unabh\u00e4ngigkeit vom Stromnetz.<\/p>\n<p><em>Wichtig zu wissen: Viele bestehende Anlagen verf\u00fcgen nicht \u00fcber einen Hybrid-Wechselrichter. In diesen F\u00e4llen ist es oft notwendig, den aktuellen Wechselrichter durch eine Hybridvariante zu ersetzen. Beachten Sie, dass dies nicht bei allen Systemen funktioniert. Wenn Sie zum Beispiel ein Mikro-Wechselrichtersystem wie das von Enphase oder SolarEdge haben, ist ein AC-gekoppelter Wechselrichter erforderlich. Dieser ist nicht direkt mit den Solarmodulen verbunden, sondern bezieht den Strom aus dem Z\u00e4hlerkasten und leitet ihn an die Batterie weiter.    <\/em><\/p>\n","protected":false},"excerpt":{"rendered":"<p>Die kombiniert die Funktionalit\u00e4ten eines herk\u00f6mmlichen Wechselrichters mit denen eines Batteriemanagementsystems. W\u00e4hrend ein normaler Wechselrichter nur den Z\u00e4hlerkasten mit Strom versorgen kann, kann ein Hybrid-Wechselrichter den erzeugten Strom zwischen dem Z\u00e4hlerkasten und einer Batterie verteilen. Das macht einen Hybrid-Wechselrichter unverzichtbar f\u00fcr Hausbatterien oder kommerzielle Batteriespeichersysteme. Hybrid-Wechselrichter werden direkt an die PV-Strings (Solarmodule) angeschlossen und sorgen [&hellip;]<\/p>\n","protected":false},"featured_media":5672,"template":"","meta":{"_acf_changed":false},"product_brand":[258],"product_cat":[219],"product_tag":[238],"class_list":{"0":"post-5673","1":"product","2":"type-product","3":"status-publish","4":"has-post-thumbnail","6":"product_brand-sunwaytech-de","7":"product_cat-hybrid-de","8":"product_tag-hybrid-wechselrichter","10":"first","11":"outofstock","12":"taxable","13":"shipping-taxable","14":"purchasable","15":"product-type-simple"},"acf":[],"_links":{"self":[{"href":"https:\/\/www.sunwaytech.eu\/de\/wp-json\/wp\/v2\/product\/5673","targetHints":{"allow":["GET"]}}],"collection":[{"href":"https:\/\/www.sunwaytech.eu\/de\/wp-json\/wp\/v2\/product"}],"about":[{"href":"https:\/\/www.sunwaytech.eu\/de\/wp-json\/wp\/v2\/types\/product"}],"version-history":[{"count":0,"href":"https:\/\/www.sunwaytech.eu\/de\/wp-json\/wp\/v2\/product\/5673\/revisions"}],"wp:featuredmedia":[{"embeddable":true,"href":"https:\/\/www.sunwaytech.eu\/de\/wp-json\/wp\/v2\/media\/5672"}],"wp:attachment":[{"href":"https:\/\/www.sunwaytech.eu\/de\/wp-json\/wp\/v2\/media?parent=5673"}],"wp:term":[{"taxonomy":"product_brand","embeddable":true,"href":"https:\/\/www.sunwaytech.eu\/de\/wp-json\/wp\/v2\/product_brand?post=5673"},{"taxonomy":"product_cat","embeddable":true,"href":"https:\/\/www.sunwaytech.eu\/de\/wp-json\/wp\/v2\/product_cat?post=5673"},{"taxonomy":"product_tag","embeddable":true,"href":"https:\/\/www.sunwaytech.eu\/de\/wp-json\/wp\/v2\/product_tag?post=5673"}],"curies":[{"name":"wp","href":"https:\/\/api.w.org\/{rel}","templated":true}]}}