{"id":5694,"date":"2025-03-18T18:18:58","date_gmt":"2025-03-18T17:18:58","guid":{"rendered":"https:\/\/www.sunwaytech.eu\/product\/unkategorisiert\/sunwaytech-bms-base-2-5-kwh\/"},"modified":"2025-03-18T18:18:58","modified_gmt":"2025-03-18T17:18:58","slug":"sunwaytech-bms-base-2-5-kwh","status":"publish","type":"product","link":"https:\/\/www.sunwaytech.eu\/de\/product\/batterien\/heimbatterien\/stapelbar\/sunwaytech-bms-base-2-5-kwh\/","title":{"rendered":"Sunwaytech 2,5 kWh Basis + BMS"},"content":{"rendered":"<p class=\"\" data-start=\"127\" data-end=\"485\">Die  <strong data-start=\"310\" data-end=\"354\"><\/strong>  ist die Grundlage f\u00fcr Ihr skalierbares Energiespeichersystem f\u00fcr <strong>3-Phasen-Anwendungen<\/strong>, ideal f\u00fcr Haushalte und Unternehmen mit \u00fcberdurchschnittlichem Energiebedarf. Diese Basiseinheit sollte mit der <a href=\"https:\/\/www.sunwaytech.eu\/de\/product\/stapelbar\/sunwaytech-stackable-2-5-kwh\/\" target=\"_blank\" rel=\"noopener\">Sunwaytech 2,5 kWh Stackable Battery Unit<\/a> kombiniert werden, um eine erweiterbare und modulare L\u00f6sung zu erhalten. Die Base + BMS ist f\u00fcr die Stromversorgung der Batterieeinheiten und f\u00fcr die Verwaltung des gesamten Systems unerl\u00e4sslich.  <\/p>\n<p class=\"\" data-start=\"487\" data-end=\"682\">Das BMS sorgt f\u00fcr eine effiziente Energieverwaltung und bietet gleichzeitig Schutz vor \u00dcberlastung, \u00dcberhitzung und anderen potenziellen Ausf\u00e4llen.<\/p>\n<p>M\u00f6chten Sie von dynamischen Energietarifen und einer schnellen Amortisation profitieren? Dann f\u00fcgen Sie unser <a href=\"https:\/\/www.sunwaytech.eu\/de\/product\/ems-de\/beer-doorn-energy-management-system\/\" target=\"_blank\" rel=\"noopener\"><u>Energie<\/u><\/a><a href=\"https:\/\/www.sunwaytech.eu\/de\/product\/ems-de\/beer-doorn-energy-management-system\/\" target=\"_blank\" rel=\"noopener\"><u> Mana<\/u><\/a><a href=\"https:\/\/www.sunwaytech.eu\/de\/product\/ems-de\/beer-doorn-energy-management-system\/\" target=\"_blank\" rel=\"noopener\"><u>gement<\/u><\/a><a href=\"https:\/\/www.sunwaytech.eu\/de\/product\/ems-de\/beer-doorn-energy-management-system\/\" target=\"_blank\" rel=\"noopener\"><u> System<\/u><\/a> hinzuf\u00fcgen. Damit k\u00f6nnen Sie nicht nur intelligent auf dem Ausgleichsmarkt handeln, sondern profitieren auch von zus\u00e4tzlichen Funktionen wie Lastausgleich, Peak Shaving und K\u00fcrzung, ideal f\u00fcr Gesch\u00e4ftskunden. Schlie\u00dfen Sie das EMS an Ihren Wechselrichter und Ihren intelligenten Stromz\u00e4hler an, w\u00e4hlen Sie die gew\u00fcnschte Funktion aus und schon sind Sie fertig.   <\/p>\n<p>F\u00fcr Haushalte mit <strong>durchschnittlichem Energieverbrauch<\/strong> bieten die <strong>1-phasigen Wallmount-Batterien von Sunwaytech<\/strong> eine effiziente und kompakte L\u00f6sung. Diese All-in-One-Batterien sind ideal f\u00fcr Haushalte ohne Bedarf an erweiterbarer Speicherkapazit\u00e4t und eignen sich f\u00fcr 1-Phasen-Wechselrichter. Dar\u00fcber hinaus k\u00f6nnen die Wallmount-Batterien parallel auf bis zu 3 Einheiten erweitert werden, um zus\u00e4tzliche Speicherkapazit\u00e4t f\u00fcr einen gr\u00f6\u00dferen Energiebedarf oder eine gr\u00f6\u00dfere Anzahl von Solarmodulen zu schaffen.  <\/p>\n<p>Entscheiden Sie sich f\u00fcr Nachhaltigkeit, Flexibilit\u00e4t und maximale Einsparungen mit Sunwaytech Hausbatterien. Konfigurieren Sie sie ganz einfach mit Ihrem Wechselrichter und \u00fcbernehmen Sie die volle Kontrolle \u00fcber Ihren Energieverbrauch. <\/p>\n","protected":false},"excerpt":{"rendered":"<p>Die ist die Grundlage f\u00fcr Ihr skalierbares Energiespeichersystem f\u00fcr 3-Phasen-Anwendungen, ideal f\u00fcr Haushalte und Unternehmen mit \u00fcberdurchschnittlichem Energiebedarf. Diese Basiseinheit sollte mit der Sunwaytech 2,5 kWh Stackable Battery Unit kombiniert werden, um eine erweiterbare und modulare L\u00f6sung zu erhalten. Die Base + BMS ist f\u00fcr die Stromversorgung der Batterieeinheiten und f\u00fcr die Verwaltung des gesamten [&hellip;]<\/p>\n","protected":false},"featured_media":5696,"template":"","meta":{"_acf_changed":false},"product_brand":[258],"product_cat":[215],"product_tag":[],"class_list":{"0":"post-5694","1":"product","2":"type-product","3":"status-publish","4":"has-post-thumbnail","6":"product_brand-sunwaytech-de","7":"product_cat-stapelbar","9":"first","10":"instock","11":"taxable","12":"shipping-taxable","13":"purchasable","14":"product-type-simple"},"acf":[],"_links":{"self":[{"href":"https:\/\/www.sunwaytech.eu\/de\/wp-json\/wp\/v2\/product\/5694","targetHints":{"allow":["GET"]}}],"collection":[{"href":"https:\/\/www.sunwaytech.eu\/de\/wp-json\/wp\/v2\/product"}],"about":[{"href":"https:\/\/www.sunwaytech.eu\/de\/wp-json\/wp\/v2\/types\/product"}],"version-history":[{"count":0,"href":"https:\/\/www.sunwaytech.eu\/de\/wp-json\/wp\/v2\/product\/5694\/revisions"}],"wp:featuredmedia":[{"embeddable":true,"href":"https:\/\/www.sunwaytech.eu\/de\/wp-json\/wp\/v2\/media\/5696"}],"wp:attachment":[{"href":"https:\/\/www.sunwaytech.eu\/de\/wp-json\/wp\/v2\/media?parent=5694"}],"wp:term":[{"taxonomy":"product_brand","embeddable":true,"href":"https:\/\/www.sunwaytech.eu\/de\/wp-json\/wp\/v2\/product_brand?post=5694"},{"taxonomy":"product_cat","embeddable":true,"href":"https:\/\/www.sunwaytech.eu\/de\/wp-json\/wp\/v2\/product_cat?post=5694"},{"taxonomy":"product_tag","embeddable":true,"href":"https:\/\/www.sunwaytech.eu\/de\/wp-json\/wp\/v2\/product_tag?post=5694"}],"curies":[{"name":"wp","href":"https:\/\/api.w.org\/{rel}","templated":true}]}}