{"id":5701,"date":"2025-03-25T13:14:46","date_gmt":"2025-03-25T12:14:46","guid":{"rendered":"https:\/\/www.sunwaytech.eu\/product\/unkategorisiert\/set-7-3-fase-5-kw-hybride-omvormer-15-kwh-batterij\/"},"modified":"2025-03-25T13:14:46","modified_gmt":"2025-03-25T12:14:46","slug":"set-7-3-fase-5-kw-hybride-omvormer-15-kwh-batterij","status":"publish","type":"product","link":"https:\/\/www.sunwaytech.eu\/de\/product\/sets-de\/set-7-3-fase-5-kw-hybride-omvormer-15-kwh-batterij\/","title":{"rendered":"Set 8: 3 Phasen 5 kW Hybrid-Wechselrichter + 15 kWh stapelbare Batterie"},"content":{"rendered":"<p class=\"\" data-start=\"154\" data-end=\"495\">Dieses Set ist eine komplette und zukunftssichere Energiel\u00f6sung f\u00fcr <strong>einphasige<\/strong> Systeme. Das Set besteht aus einem <strong>5-kW-Hybrid-Wechselrichter<\/strong> in Kombination mit einer <strong>stapelbaren 15-kWh-Batterie f\u00fcr den Hausgebrauch<\/strong> und ist leicht auf bis zu 8 stapelbare Einheiten (20 kWh) erweiterbar<strong>.<\/strong> Dank des Hybrid-Wechselrichters k\u00f6nnen Sie die Solarenergie direkt nutzen, in der Batterie speichern oder in das Netz zur\u00fcckspeisen &#8211; alles \u00fcber ein integriertes System. <\/p>\n<p class=\"\" data-start=\"497\" data-end=\"666\">Dieses Set ist ideal f\u00fcr neue Installationen oder wenn Sie Ihr bestehendes System aufr\u00fcsten m\u00f6chten und maximale Kontrolle \u00fcber Ihren Energieverbrauch und Ihre Speicherung w\u00fcnschen.<\/p>\n<p class=\"\" data-start=\"668\" data-end=\"1175\">Kombinieren Sie dieses Set mit dem <a href=\"https:\/\/www.sunwaytech.eu\/de\/product\/ems-de\/beer-doorn-energy-management-system\/\" target=\"_blank\" rel=\"noopener\">EMS von Beer &amp; Thorn<\/a> f\u00fcr maximale Kontrolle und Effizienz. Das EMS erm\u00f6glicht ein intelligentes Energiemanagement mit Funktionen wie Lastausgleich, Peak Shaving und K\u00fcrzung. Sie k\u00f6nnen auch die Vorteile dynamischer Energietarife nutzen und auf dem Ausgleichsmarkt handeln &#8211; ideal f\u00fcr diejenigen, die eine schnelle Amortisation und eine optimale Nutzung ihrer Energiespeicher anstreben. Schlie\u00dfen Sie das EMS einfach an Ihren Wechselrichter und Ihren intelligenten Z\u00e4hler an, w\u00e4hlen Sie die gew\u00fcnschte Strategie und lassen Sie das System die Arbeit machen.   <\/p>\n","protected":false},"excerpt":{"rendered":"<p>Dieses Set ist eine komplette und zukunftssichere Energiel\u00f6sung f\u00fcr einphasige Systeme. Das Set besteht aus einem 5-kW-Hybrid-Wechselrichter in Kombination mit einer stapelbaren 15-kWh-Batterie f\u00fcr den Hausgebrauch und ist leicht auf bis zu 8 stapelbare Einheiten (20 kWh) erweiterbar. Dank des Hybrid-Wechselrichters k\u00f6nnen Sie die Solarenergie direkt nutzen, in der Batterie speichern oder in das Netz [&hellip;]<\/p>\n","protected":false},"featured_media":5703,"template":"","meta":{"_acf_changed":false},"product_brand":[258],"product_cat":[221],"product_tag":[],"class_list":{"0":"post-5701","1":"product","2":"type-product","3":"status-publish","4":"has-post-thumbnail","6":"product_brand-sunwaytech-de","7":"product_cat-sets-de","9":"first","10":"outofstock","11":"taxable","12":"shipping-taxable","13":"purchasable","14":"product-type-woosb"},"acf":[],"_links":{"self":[{"href":"https:\/\/www.sunwaytech.eu\/de\/wp-json\/wp\/v2\/product\/5701","targetHints":{"allow":["GET"]}}],"collection":[{"href":"https:\/\/www.sunwaytech.eu\/de\/wp-json\/wp\/v2\/product"}],"about":[{"href":"https:\/\/www.sunwaytech.eu\/de\/wp-json\/wp\/v2\/types\/product"}],"version-history":[{"count":0,"href":"https:\/\/www.sunwaytech.eu\/de\/wp-json\/wp\/v2\/product\/5701\/revisions"}],"wp:featuredmedia":[{"embeddable":true,"href":"https:\/\/www.sunwaytech.eu\/de\/wp-json\/wp\/v2\/media\/5703"}],"wp:attachment":[{"href":"https:\/\/www.sunwaytech.eu\/de\/wp-json\/wp\/v2\/media?parent=5701"}],"wp:term":[{"taxonomy":"product_brand","embeddable":true,"href":"https:\/\/www.sunwaytech.eu\/de\/wp-json\/wp\/v2\/product_brand?post=5701"},{"taxonomy":"product_cat","embeddable":true,"href":"https:\/\/www.sunwaytech.eu\/de\/wp-json\/wp\/v2\/product_cat?post=5701"},{"taxonomy":"product_tag","embeddable":true,"href":"https:\/\/www.sunwaytech.eu\/de\/wp-json\/wp\/v2\/product_tag?post=5701"}],"curies":[{"name":"wp","href":"https:\/\/api.w.org\/{rel}","templated":true}]}}