{"id":8763,"date":"2025-12-12T13:32:22","date_gmt":"2025-12-12T12:32:22","guid":{"rendered":"https:\/\/www.sunwaytech.eu\/?post_type=product&#038;p=8763"},"modified":"2026-03-13T17:33:49","modified_gmt":"2026-03-13T16:33:49","slug":"sunwaytech-stackable-batterij-42-59-kwh","status":"publish","type":"product","link":"https:\/\/www.sunwaytech.eu\/en\/product\/batteries\/home-batteries\/stackable\/sunwaytech-stackable-batterij-42-59-kwh\/","title":{"rendered":"Sunwaytech Stackable Batterij 42.59 kWh"},"content":{"rendered":"<p class=\"\" data-start=\"269\" data-end=\"388\">De <strong><\/strong>\u00a0is een complete, modulaire energieoplossing voor <strong data-start=\"275\" data-end=\"294\">3-fase systemen<\/strong>. Het bestaat uit acht 5.32 kWh Stackable Batterij Units en een 5.32 kWh Base + BMS, ideaal voor woningen met hogere energiebehoeften. Dit systeem biedt een betrouwbare en schaalbare manier om je energieopslagcapaciteit te vergroten.\u200b\u200b\u200b\u200b\u200b\u200b<\/p>\n<ul data-start=\"420\" data-end=\"983\">\n<li class=\"\" data-start=\"420\" data-end=\"533\">\n<p class=\"\" data-start=\"422\" data-end=\"533\"><strong data-start=\"422\" data-end=\"451\">Modulair en uitbreidbaar:<\/strong> <span class=\"relative -mx-px my-[-0.2rem] rounded px-px py-[0.2rem] transition-colors duration-100 ease-in-out\">De batterij bestaat uit acht afzonderlijke 5.32 kWh-units, die samen een totale capaciteit van 42.59 kWh bieden. Dit ontwerp maakt het eenvoudig om de opslagcapaciteit uit te breiden door extra units toe te voegen. De set kan tot maximaal 8 units (42.59 kWh) worden uitgebreid, zodat het systeem mee kan groeien met je energiebehoeften.<\/span>\u200b<\/p>\n<\/li>\n<li class=\"\" data-start=\"535\" data-end=\"644\">\n<p class=\"\" data-start=\"537\" data-end=\"644\"><strong data-start=\"537\" data-end=\"562\">Base + BMS:<\/strong> <span class=\"relative -mx-px my-[-0.2rem] rounded px-px py-[0.2rem] transition-colors duration-100 ease-in-out\">De set wordt geleverd met een 5.32 kWh Base en een ge\u00efntegreerd Battery Management System (BMS), essentieel voor het veilig en effici\u00ebnt beheren van de batterij. Zonder deze basisunit en BMS functioneert de batterij niet.<\/span>\u200b<\/p>\n<\/li>\n<li class=\"\" data-start=\"646\" data-end=\"756\">\n<p class=\"\" data-start=\"648\" data-end=\"756\"><strong data-start=\"648\" data-end=\"674\">Veilig en betrouwbaar:<\/strong> <span class=\"relative -mx-px my-[-0.2rem] rounded px-px py-[0.2rem] transition-colors duration-100 ease-in-out\">Het BMS beschermt tegen overbelasting, oververhitting en andere risico&#8217;s, wat zorgt voor een lange levensduur en optimale prestaties van de batterij.<\/span>\u200b<\/p>\n<\/li>\n<li class=\"\" data-start=\"758\" data-end=\"873\">\n<p class=\"\" data-start=\"760\" data-end=\"873\"><strong>Eenvoudige installatie:<\/strong> <span class=\"relative -mx-px my-[-0.2rem] rounded px-px py-[0.2rem] transition-colors duration-100 ease-in-out\">Dankzij het plug-and-play ontwerp is de installatie snel en eenvoudig, zonder complexe bedrading.<\/span>\u200b<\/p>\n<\/li>\n<li class=\"\" data-start=\"875\" data-end=\"983\">\n<p class=\"\" data-start=\"877\" data-end=\"983\"><strong data-start=\"877\" data-end=\"897\">Compatibiliteit:<\/strong> <span class=\"relative -mx-px my-[-0.2rem] rounded px-px py-[0.2rem] transition-colors duration-100 ease-in-out\">De batterij is geschikt voor gebruik met diverse omvormers.<\/span>\u200b<\/p>\n<\/li>\n<\/ul>\n<p>Wil je daarnaast profiteren van dynamische energietarieven en een snelle terugverdientijd? Voeg dan ons <a href=\"https:\/\/www.sunwaytech.eu\/product\/ems\/beer-doorn-energy-management-system\/\" target=\"_blank\" rel=\"noopener\"><u>Energy<\/u><\/a><a href=\"https:\/\/www.sunwaytech.eu\/product\/ems\/beer-doorn-energy-management-system\/\" target=\"_blank\" rel=\"noopener\"><u> Manageme<\/u><\/a><a href=\"https:\/\/www.sunwaytech.eu\/product\/ems\/beer-doorn-energy-management-system\/\" target=\"_blank\" rel=\"noopener\"><u>nt<\/u><\/a><a href=\"https:\/\/www.sunwaytech.eu\/product\/ems\/beer-doorn-energy-management-system\/\" target=\"_blank\" rel=\"noopener\"><u> System (EMS)<\/u><\/a> toe. Hiermee kun je niet alleen slim handelen op de onbalansmarkt, maar ook profiteren van extra functies zoals load balancing, peak shaving en curtailment, ideaal voor zakelijke gebruikers. Sluit het EMS aan op je omvormer en slimme meter, kies de gewenste functie en je bent klaar.<\/p>\n<p>Voor huishoudens met een <strong>gemiddeld energieverbruik<\/strong> bieden de <strong>Sunwaytech 1-fase Wallmount Batterijen<\/strong> een effici\u00ebnte en compacte oplossing. Deze alles-in-\u00e9\u00e9n batterijen zijn ideaal voor woningen zonder behoefte aan uitbreidbare opslagcapaciteit en zijn geschikt voor 1-fase omvormers. Daarnaast kunnen de Wallmount batterijen parallel tot 3 stuks worden uitgebreid voor extra opslagcapaciteit bij grotere energiebehoeften of uitbreiding van de hoeveelheid zonnepanelen.<\/p>\n<p>&nbsp;<\/p>\n","protected":false},"excerpt":{"rendered":"<p>De \u00a0is een complete, modulaire energieoplossing voor 3-fase systemen. Het bestaat uit acht 5.32 kWh Stackable Batterij Units en een 5.32 kWh Base + BMS, ideaal voor woningen met hogere energiebehoeften. Dit systeem biedt een betrouwbare en schaalbare manier om je energieopslagcapaciteit te vergroten.\u200b\u200b\u200b\u200b\u200b\u200b Modulair en uitbreidbaar: De batterij bestaat uit acht afzonderlijke 5.32 kWh-units, [&hellip;]<\/p>\n","protected":false},"featured_media":8840,"template":"","meta":{"_acf_changed":false},"product_brand":[44],"product_cat":[86],"product_tag":[],"class_list":{"0":"post-8763","1":"product","2":"type-product","3":"status-publish","4":"has-post-thumbnail","6":"product_brand-sunwaytech","7":"product_cat-stapelbaar","9":"first","10":"outofstock","11":"taxable","12":"shipping-taxable","13":"purchasable","14":"product-type-woosb"},"acf":[],"_links":{"self":[{"href":"https:\/\/www.sunwaytech.eu\/en\/wp-json\/wp\/v2\/product\/8763","targetHints":{"allow":["GET"]}}],"collection":[{"href":"https:\/\/www.sunwaytech.eu\/en\/wp-json\/wp\/v2\/product"}],"about":[{"href":"https:\/\/www.sunwaytech.eu\/en\/wp-json\/wp\/v2\/types\/product"}],"version-history":[{"count":2,"href":"https:\/\/www.sunwaytech.eu\/en\/wp-json\/wp\/v2\/product\/8763\/revisions"}],"predecessor-version":[{"id":8839,"href":"https:\/\/www.sunwaytech.eu\/en\/wp-json\/wp\/v2\/product\/8763\/revisions\/8839"}],"wp:featuredmedia":[{"embeddable":true,"href":"https:\/\/www.sunwaytech.eu\/en\/wp-json\/wp\/v2\/media\/8840"}],"wp:attachment":[{"href":"https:\/\/www.sunwaytech.eu\/en\/wp-json\/wp\/v2\/media?parent=8763"}],"wp:term":[{"taxonomy":"product_brand","embeddable":true,"href":"https:\/\/www.sunwaytech.eu\/en\/wp-json\/wp\/v2\/product_brand?post=8763"},{"taxonomy":"product_cat","embeddable":true,"href":"https:\/\/www.sunwaytech.eu\/en\/wp-json\/wp\/v2\/product_cat?post=8763"},{"taxonomy":"product_tag","embeddable":true,"href":"https:\/\/www.sunwaytech.eu\/en\/wp-json\/wp\/v2\/product_tag?post=8763"}],"curies":[{"name":"wp","href":"https:\/\/api.w.org\/{rel}","templated":true}]}}