{"id":3744,"date":"2025-01-03T16:00:24","date_gmt":"2025-01-03T15:00:24","guid":{"rendered":"https:\/\/www.sunwaytech.eu\/biscotti\/"},"modified":"2025-04-12T13:01:54","modified_gmt":"2025-04-12T11:01:54","slug":"biscotti","status":"publish","type":"page","link":"https:\/\/www.sunwaytech.eu\/it\/servizio\/biscotti\/","title":{"rendered":"Cookies"},"content":{"rendered":"\n<h1 class=\"wp-block-heading\"><strong>Politica sui cookie di sunwaytech.eu<\/strong><\/h1>\n\n<p><strong>Ultimo aggiornamento: 21 febbraio 2025<\/strong><\/p>\n\n<h2 class=\"wp-block-heading\"><strong>1. Introduzione<\/strong><\/h2>\n\n<p>Sul sito web <strong>SunwayTech.eu<\/strong> utilizziamo cookie e tecnologie simili per migliorare l&#8217;esperienza dell&#8217;utente, eseguire analisi e visualizzare pubblicit\u00e0 mirate. In questa informativa sui cookie, spieghiamo quali cookie utilizziamo, perch\u00e9 li utilizziamo e come potete gestire le vostre preferenze in materia. <\/p>\n\n<h2 class=\"wp-block-heading\"><strong>2. Cosa sono i cookie?<\/strong><\/h2>\n\n<p>I cookie sono piccoli file di testo memorizzati sul vostro dispositivo (computer, tablet o smartphone) quando visitate il nostro sito web. I cookie ci aiutano a far funzionare meglio il sito web e a raccogliere informazioni sull&#8217;utilizzo del sito. <\/p>\n\n<h2 class=\"wp-block-heading\"><strong>3. Quali cookie utilizziamo?<\/strong><\/h2>\n\n<h3 class=\"wp-block-heading\"><strong>3.1 Cookie funzionali<\/strong><\/h3>\n\n<p>Questi cookie sono essenziali per il funzionamento del nostro sito web. Consentono di utilizzare normalmente il sito, ad esempio memorizzando i prodotti nel carrello. <\/p>\n\n<p>\u2705 Esempio: cookie di sessione, cookie di accesso<\/p>\n\n<h3 class=\"wp-block-heading\"><strong>3.2 Biscotti analitici<\/strong><\/h3>\n\n<p>Con questi cookie analizziamo il comportamento dei visitatori sul nostro sito web per migliorare le prestazioni e l&#8217;usabilit\u00e0. Ad esempio, utilizziamo Google Analytics per ottenere informazioni sulle visualizzazioni delle pagine e sui flussi di visitatori. <\/p>\n\n<p>\u2705 Esempio: Google Analytics, Hotjar<\/p>\n\n<h3 class=\"wp-block-heading\"><strong>3.3 Cookie di marketing e di tracciamento<\/strong><\/h3>\n\n<p>Questi cookie vengono utilizzati per rendere gli annunci pi\u00f9 pertinenti per l&#8217;utente. Aiutano noi e i terzi ad adattare gli annunci ai vostri interessi. <\/p>\n\n<p>\u2705 Esempio: Pixel di Facebook, annunci di Google<\/p>\n\n<h2 class=\"wp-block-heading\"><strong>4. Cookie di terze parti<\/strong><\/h2>\n\n<p>Alcuni cookie presenti sul nostro sito web sono impostati da soggetti esterni, come le reti pubblicitarie e i social media. Ci\u00f2 significa che, quando visitate il nostro sito, potreste ricevere anche cookie da parte, ad esempio, di Google, Facebook o altri partner. <\/p>\n\n<h2 class=\"wp-block-heading\"><strong>5. Come si possono gestire o eliminare i cookie?<\/strong><\/h2>\n\n<p>\u00c8 possibile modificare le preferenze relative ai cookie in qualsiasi momento tramite le nostre <strong>Impostazioni dei cookie<\/strong> [link alle impostazioni dei cookie]. Inoltre, \u00e8 possibile eliminare o bloccare i cookie tramite le impostazioni del browser: <\/p>\n\n<p>\ud83d\udd39 <strong>Google Chrome<\/strong> - <a>Istruzioni<\/a><br\/>\ud83d\udd39 <strong>Mozilla Firefox<\/strong> - <a href=\"https:\/\/support.mozilla.org\/nl\/kb\/cookies-instellen-en-uitschakelen\">Istruzioni<\/a><br\/>\ud83d\udd39 <strong>Microsoft Edge<\/strong> - <a href=\"https:\/\/support.microsoft.com\/nl-nl\/help\/4027947\/microsoft-edge-delete-cookies\">Istruzioni<\/a><br\/>\ud83d\udd39 <strong>Safari<\/strong> - <a href=\"https:\/\/support.apple.com\/nl-nl\/guide\/safari\/sfri11471\/mac\">Istruzioni<\/a><\/p>\n\n<p>Attenzione: se si disabilitano i cookie, il nostro sito web potrebbe non funzionare in modo ottimale.<\/p>\n\n<h2 class=\"wp-block-heading\"><strong>6. Modifiche alla nostra politica sui cookie<\/strong><\/h2>\n\n<p>La presente politica sui cookie pu\u00f2 essere aggiornata di tanto in tanto. La versione pi\u00f9 recente \u00e8 sempre disponibile su questa pagina. <\/p>\n\n<h2 class=\"wp-block-heading\"><strong>7. Dettagli di contatto<\/strong><\/h2>\n\n<p>Avete domande sulla nostra politica dei cookie? In tal caso, contattateci: <\/p>\n\n<p>\ud83d\udce7 <strong>Email:<\/strong> <a>info@sunwaytech.eu<\/a><br\/>\ud83c\udf0d <strong>Sito web:<\/strong> <a href=\"https:\/\/www.sunwaytech.eu\/it\/\">www.sunwaytech.eu<\/a><\/p>\n\n<p>\ud83c\udfe2 <strong>Sede centrale:<\/strong><br\/>Spoetnik 10<br\/>Amersfoort, Paesi Bassi<\/p>\n\n<p>\ud83d\udce6 <strong>Centro di distribuzione:<\/strong><br\/>Nijverheidscentrum 44<br\/>Zevenhuizen, Paesi Bassi<\/p>\n\n<p>\ud83c\udfe2 <strong>Dettagli dell&#8217;azienda:<\/strong><br\/><strong>SunwayTech B.V.<\/strong><br\/>Numero KVK: 94553424<\/p>\n","protected":false},"excerpt":{"rendered":"<p>Politica sui cookie di sunwaytech.eu Ultimo aggiornamento: 21 febbraio 2025 1. Introduzione Sul sito web SunwayTech.eu utilizziamo cookie e tecnologie simili per migliorare l&#8217;esperienza dell&#8217;utente, eseguire analisi e visualizzare pubblicit\u00e0 mirate. In questa informativa sui cookie, spieghiamo quali cookie utilizziamo, perch\u00e9 li utilizziamo e come potete gestire le vostre preferenze in materia. 2. Cosa sono [&hellip;]<\/p>\n","protected":false},"author":1,"featured_media":0,"parent":3776,"menu_order":0,"comment_status":"closed","ping_status":"closed","template":"","meta":{"_acf_changed":false,"footnotes":""},"class_list":["post-3744","page","type-page","status-publish","hentry"],"acf":[],"_links":{"self":[{"href":"https:\/\/www.sunwaytech.eu\/it\/wp-json\/wp\/v2\/pages\/3744","targetHints":{"allow":["GET"]}}],"collection":[{"href":"https:\/\/www.sunwaytech.eu\/it\/wp-json\/wp\/v2\/pages"}],"about":[{"href":"https:\/\/www.sunwaytech.eu\/it\/wp-json\/wp\/v2\/types\/page"}],"author":[{"embeddable":true,"href":"https:\/\/www.sunwaytech.eu\/it\/wp-json\/wp\/v2\/users\/1"}],"replies":[{"embeddable":true,"href":"https:\/\/www.sunwaytech.eu\/it\/wp-json\/wp\/v2\/comments?post=3744"}],"version-history":[{"count":0,"href":"https:\/\/www.sunwaytech.eu\/it\/wp-json\/wp\/v2\/pages\/3744\/revisions"}],"up":[{"embeddable":true,"href":"https:\/\/www.sunwaytech.eu\/it\/wp-json\/wp\/v2\/pages\/3776"}],"wp:attachment":[{"href":"https:\/\/www.sunwaytech.eu\/it\/wp-json\/wp\/v2\/media?parent=3744"}],"curies":[{"name":"wp","href":"https:\/\/api.w.org\/{rel}","templated":true}]}}