{"id":2053,"date":"2025-03-18T18:18:58","date_gmt":"2025-03-18T17:18:58","guid":{"rendered":"https:\/\/www.sunwaytech.eu\/?post_type=product&#038;p=2053"},"modified":"2026-01-14T11:37:49","modified_gmt":"2026-01-14T10:37:49","slug":"sunwaytech-bms-base-2-5-kwh","status":"publish","type":"product","link":"https:\/\/www.sunwaytech.eu\/it\/product\/batterie\/batterie-domestici\/modulari\/sunwaytech-bms-base-2-5-kwh\/","title":{"rendered":"Sunwaytech 2.5 kWh Base + BMS"},"content":{"rendered":"<p class=\"\" data-start=\"127\" data-end=\"485\">De <strong data-start=\"310\" data-end=\"354\"><\/strong> is het fundament van je schaalbare energieopslagsysteem voor <strong>3-fase<\/strong> toepassingen, ideaal voor huishoudens en bedrijven met een bovengemiddelde energievraag. Deze basisunit dient gecombineerd te worden met de <a href=\"https:\/\/www.sunwaytech.eu\/product\/batterijen\/thuisbatterijen\/stapelbaar\/sunwaytech-stackable-2-5-kwh\/\" target=\"_blank\" rel=\"noopener\">Sunwaytech 2.5 kWh Stackable Batterij Unit<\/a>\u00a0voor een uitbreidbare en modulaire oplossing. De Base + BMS is essentieel voor het voorzien van stroom aan de batterijunits en voor het beheren van het volledige systeem.<\/p>\n<p class=\"\" data-start=\"487\" data-end=\"682\">Het BMS zorgt ervoor dat het energiebeheer effici\u00ebnt verloopt, terwijl het ook bescherming biedt tegen overbelasting, oververhitting en andere mogelijke storingen.<\/p>\n<p>Wil je profiteren van dynamische energietarieven en een snelle terugverdientijd? Voeg dan ons <a href=\"https:\/\/www.sunwaytech.eu\/product\/ems\/beer-doorn-energy-management-system\/\" target=\"_blank\" rel=\"noopener\"><u>Energy<\/u><\/a><a href=\"https:\/\/www.sunwaytech.eu\/product\/ems\/beer-doorn-energy-management-system\/\" target=\"_blank\" rel=\"noopener\"><u> Mana<\/u><\/a><a href=\"https:\/\/www.sunwaytech.eu\/product\/ems\/beer-doorn-energy-management-system\/\" target=\"_blank\" rel=\"noopener\"><u>gement<\/u><\/a><a href=\"https:\/\/www.sunwaytech.eu\/product\/ems\/beer-doorn-energy-management-system\/\" target=\"_blank\" rel=\"noopener\"><u> System<\/u><\/a> toe. Hiermee kun je niet alleen slim handelen op de onbalansmarkt, maar ook profiteren van extra functies zoals load balancing, peak shaving en curtailment, ideaal voor zakelijke gebruikers. Sluit het EMS aan op je omvormer en slimme meter, kies de gewenste functie en je bent klaar.<\/p>\n<p>Voor huishoudens met een <strong>gemiddeld energieverbruik<\/strong> bieden de <strong>Sunwaytech 1-fase Wallmount Batterijen<\/strong> een effici\u00ebnte en compacte oplossing. Deze alles-in-\u00e9\u00e9n batterijen zijn ideaal voor woningen zonder behoefte aan uitbreidbare opslagcapaciteit en zijn geschikt voor 1-fase omvormers. Daarnaast kunnen de Wallmount batterijen parallel tot 3 stuks worden uitgebreid voor extra opslagcapaciteit bij grotere energiebehoeften of uitbreiding van de hoeveelheid zonnepanelen.<\/p>\n<p>Kies voor duurzaamheid, flexibiliteit en maximale besparing met de Sunwaytech thuisbatterijen. Configureer ze eenvoudig met je omvormer en neem volledige controle over je energieverbruik.<\/p>\n","protected":false},"excerpt":{"rendered":"<p>De is het fundament van je schaalbare energieopslagsysteem voor 3-fase toepassingen, ideaal voor huishoudens en bedrijven met een bovengemiddelde energievraag. Deze basisunit dient gecombineerd te worden met de Sunwaytech 2.5 kWh Stackable Batterij Unit\u00a0voor een uitbreidbare en modulaire oplossing. De Base + BMS is essentieel voor het voorzien van stroom aan de batterijunits en voor [&hellip;]<\/p>\n","protected":false},"featured_media":3008,"template":"","meta":{"_acf_changed":false},"product_brand":[44],"product_cat":[86],"product_tag":[],"class_list":{"0":"post-2053","1":"product","2":"type-product","3":"status-publish","4":"has-post-thumbnail","6":"product_brand-sunwaytech","7":"product_cat-stapelbaar","9":"first","10":"instock","11":"taxable","12":"shipping-taxable","13":"purchasable","14":"product-type-simple"},"acf":[],"_links":{"self":[{"href":"https:\/\/www.sunwaytech.eu\/it\/wp-json\/wp\/v2\/product\/2053","targetHints":{"allow":["GET"]}}],"collection":[{"href":"https:\/\/www.sunwaytech.eu\/it\/wp-json\/wp\/v2\/product"}],"about":[{"href":"https:\/\/www.sunwaytech.eu\/it\/wp-json\/wp\/v2\/types\/product"}],"version-history":[{"count":1,"href":"https:\/\/www.sunwaytech.eu\/it\/wp-json\/wp\/v2\/product\/2053\/revisions"}],"predecessor-version":[{"id":5901,"href":"https:\/\/www.sunwaytech.eu\/it\/wp-json\/wp\/v2\/product\/2053\/revisions\/5901"}],"wp:featuredmedia":[{"embeddable":true,"href":"https:\/\/www.sunwaytech.eu\/it\/wp-json\/wp\/v2\/media\/3008"}],"wp:attachment":[{"href":"https:\/\/www.sunwaytech.eu\/it\/wp-json\/wp\/v2\/media?parent=2053"}],"wp:term":[{"taxonomy":"product_brand","embeddable":true,"href":"https:\/\/www.sunwaytech.eu\/it\/wp-json\/wp\/v2\/product_brand?post=2053"},{"taxonomy":"product_cat","embeddable":true,"href":"https:\/\/www.sunwaytech.eu\/it\/wp-json\/wp\/v2\/product_cat?post=2053"},{"taxonomy":"product_tag","embeddable":true,"href":"https:\/\/www.sunwaytech.eu\/it\/wp-json\/wp\/v2\/product_tag?post=2053"}],"curies":[{"name":"wp","href":"https:\/\/api.w.org\/{rel}","templated":true}]}}