{"id":3943,"date":"2025-03-18T18:15:29","date_gmt":"2025-03-18T17:15:29","guid":{"rendered":"https:\/\/www.sunwaytech.eu\/product\/senza-categoria\/sunwaytech-batteria-commerciale-215kwh-incl-inverter-100kw\/"},"modified":"2025-04-16T15:39:49","modified_gmt":"2025-04-16T13:39:49","slug":"sunwaytech-100kw-215kwh","status":"publish","type":"product","link":"https:\/\/www.sunwaytech.eu\/it\/product\/batterie\/batterie-commerciali\/sunwaytech-100kw-215kwh\/","title":{"rendered":"Sunwaytech Batteria Industriale 215kWh con Inverter 100kW"},"content":{"rendered":"<p class=\"\" data-start=\"75\" data-end=\"399\">Il  <strong data-start=\"78\" data-end=\"139\"><\/strong>  \u00e8 una soluzione di accumulo energetico potente e scalabile per applicazioni commerciali e industriali. Con una capacit\u00e0 di accumulo di 215 kWh e un inverter da 100 kW incluso di serie, questo sistema offre tutto il necessario per una gestione energetica avanzata. <\/p>\n<p class=\"\" data-start=\"401\" data-end=\"776\">Questa batteria \u00e8 ideale per applicazioni come la riduzione dei picchi, il bilanciamento del carico, il trading di energia e il curtailment. Sia che si tratti di regolare i picchi di consumo, di ottimizzare il consumo di energia nell&#8217;arco della giornata o di immagazzinare temporaneamente l&#8217;energia in eccesso, questa soluzione garantisce la massima efficienza e il controllo dell&#8217;approvvigionamento energetico. <\/p>\n<p class=\"\" data-start=\"778\" data-end=\"1073\">La batteria viene fornita di serie con raffreddamento ad aria, pi\u00f9 che sufficiente per la maggior parte degli ambienti. Per le situazioni pi\u00f9 impegnative o in condizioni climatiche estreme, \u00e8 disponibile anche una variante raffreddata ad acqua, che garantisce prestazioni ottimali e controllo della temperatura in presenza di carichi pesanti. <\/p>\n<p class=\"\" data-start=\"1075\" data-end=\"1267\">Progettate per garantire affidabilit\u00e0, flessibilit\u00e0 e sicurezza per il futuro, le nostre batterie commerciali costituiscono una solida base per qualsiasi sistema di alimentazione professionale.<\/p>\n<p>Volete beneficiare delle tariffe energetiche dinamiche? Combinate la batteria con il nostro <strong><a href=\"https:\/\/www.sunwaytech.eu\/it\/product\/ems-it\/beer-doorn-energy-management-system\/\"><u>Sistema di gestione dell&#8217;energia (EMS)<\/u><\/a><\/strong> e negoziare automaticamente sul mercato dello sbilanciamento. In questo modo, l&#8217;energia viene immagazzinata quando i prezzi sono bassi e utilizzata o venduta quando le tariffe aumentano, garantendo un rapido ROI.  <\/p>\n","protected":false},"excerpt":{"rendered":"<p>Il \u00e8 una soluzione di accumulo energetico potente e scalabile per applicazioni commerciali e industriali. Con una capacit\u00e0 di accumulo di 215 kWh e un inverter da 100 kW incluso di serie, questo sistema offre tutto il necessario per una gestione energetica avanzata. Questa batteria \u00e8 ideale per applicazioni come la riduzione dei picchi, il [&hellip;]<\/p>\n","protected":false},"featured_media":5945,"template":"","meta":{"_acf_changed":false},"product_brand":[257],"product_cat":[109],"product_tag":[],"class_list":{"0":"post-3943","1":"product","2":"type-product","3":"status-publish","4":"has-post-thumbnail","6":"product_brand-sunwaytech-it","7":"product_cat-batterie-commerciali","9":"first","10":"instock","11":"taxable","12":"shipping-taxable","13":"purchasable","14":"product-type-simple"},"acf":[],"_links":{"self":[{"href":"https:\/\/www.sunwaytech.eu\/it\/wp-json\/wp\/v2\/product\/3943","targetHints":{"allow":["GET"]}}],"collection":[{"href":"https:\/\/www.sunwaytech.eu\/it\/wp-json\/wp\/v2\/product"}],"about":[{"href":"https:\/\/www.sunwaytech.eu\/it\/wp-json\/wp\/v2\/types\/product"}],"version-history":[{"count":0,"href":"https:\/\/www.sunwaytech.eu\/it\/wp-json\/wp\/v2\/product\/3943\/revisions"}],"wp:featuredmedia":[{"embeddable":true,"href":"https:\/\/www.sunwaytech.eu\/it\/wp-json\/wp\/v2\/media\/5945"}],"wp:attachment":[{"href":"https:\/\/www.sunwaytech.eu\/it\/wp-json\/wp\/v2\/media?parent=3943"}],"wp:term":[{"taxonomy":"product_brand","embeddable":true,"href":"https:\/\/www.sunwaytech.eu\/it\/wp-json\/wp\/v2\/product_brand?post=3943"},{"taxonomy":"product_cat","embeddable":true,"href":"https:\/\/www.sunwaytech.eu\/it\/wp-json\/wp\/v2\/product_cat?post=3943"},{"taxonomy":"product_tag","embeddable":true,"href":"https:\/\/www.sunwaytech.eu\/it\/wp-json\/wp\/v2\/product_tag?post=3943"}],"curies":[{"name":"wp","href":"https:\/\/api.w.org\/{rel}","templated":true}]}}