{"id":4002,"date":"2025-03-18T18:18:53","date_gmt":"2025-03-18T17:18:53","guid":{"rendered":"https:\/\/www.sunwaytech.eu\/product\/senza-categoria\/inverter-ibrido-sunwaytech-12-kw-3-fasi\/"},"modified":"2025-04-16T15:40:35","modified_gmt":"2025-04-16T13:40:35","slug":"sunwaytech-hybride-omvormer-12-kw-3-fase","status":"publish","type":"product","link":"https:\/\/www.sunwaytech.eu\/it\/product\/inverters-it\/ibrido\/sunwaytech-hybride-omvormer-12-kw-3-fase\/","title":{"rendered":"Sunwaytech Inverter Ibrido 12 kW trifase"},"content":{"rendered":"<p>Il  <strong><\/strong>  combina le funzionalit\u00e0 di un inverter tradizionale con quelle di un sistema di gestione delle batterie. Mentre un inverter normale pu\u00f2 fornire energia solo alla scatola del contatore, un inverter ibrido pu\u00f2 distribuire l&#8217;energia generata tra la scatola del contatore e una batteria.  Questo rende un inverter ibrido indispensabile per i sistemi di accumulo a batteria domestici o commerciali.<\/p>\n<p>Gli inverter ibridi sono collegati direttamente alle stringhe fotovoltaiche (pannelli solari) e forniscono una distribuzione efficiente dell&#8217;energia: una parte dell&#8217;energia generata viene inviata alla scatola dei contatori per essere utilizzata direttamente o immessa in rete, mentre il resto viene immagazzinato nella batteria per un uso successivo.<\/p>\n<p>Con un inverter ibrido, potrete ottenere il massimo dal vostro impianto solare e aumentare la vostra indipendenza dalla rete.<\/p>\n<p><em>Importante da sapere: Molti impianti esistenti non dispongono di un inverter ibrido. In questi casi, spesso \u00e8 necessario sostituire l&#8217;inverter attuale con una variante ibrida. Tenete presente che questo non funziona con tutti i sistemi. Ad esempio, se si dispone di un sistema a microinverter, come quelli di Enphase o SolarEdge, \u00e8 necessario un inverter ad accoppiamento CA. Questo non \u00e8 collegato direttamente ai pannelli solari, ma preleva l&#8217;energia dalla scatola dei contatori e la invia alla batteria.    <\/em><\/p>\n","protected":false},"excerpt":{"rendered":"<p>Il combina le funzionalit\u00e0 di un inverter tradizionale con quelle di un sistema di gestione delle batterie. Mentre un inverter normale pu\u00f2 fornire energia solo alla scatola del contatore, un inverter ibrido pu\u00f2 distribuire l&#8217;energia generata tra la scatola del contatore e una batteria. Questo rende un inverter ibrido indispensabile per i sistemi di accumulo [&hellip;]<\/p>\n","protected":false},"featured_media":1273,"template":"","meta":{"_acf_changed":false},"product_brand":[257],"product_cat":[124],"product_tag":[125],"class_list":{"0":"post-4002","1":"product","2":"type-product","3":"status-publish","4":"has-post-thumbnail","6":"product_brand-sunwaytech-it","7":"product_cat-ibrido","8":"product_tag-inverter-ibrido","10":"first","11":"instock","12":"taxable","13":"shipping-taxable","14":"purchasable","15":"product-type-simple"},"acf":[],"_links":{"self":[{"href":"https:\/\/www.sunwaytech.eu\/it\/wp-json\/wp\/v2\/product\/4002","targetHints":{"allow":["GET"]}}],"collection":[{"href":"https:\/\/www.sunwaytech.eu\/it\/wp-json\/wp\/v2\/product"}],"about":[{"href":"https:\/\/www.sunwaytech.eu\/it\/wp-json\/wp\/v2\/types\/product"}],"version-history":[{"count":0,"href":"https:\/\/www.sunwaytech.eu\/it\/wp-json\/wp\/v2\/product\/4002\/revisions"}],"wp:featuredmedia":[{"embeddable":true,"href":"https:\/\/www.sunwaytech.eu\/it\/wp-json\/wp\/v2\/media\/1273"}],"wp:attachment":[{"href":"https:\/\/www.sunwaytech.eu\/it\/wp-json\/wp\/v2\/media?parent=4002"}],"wp:term":[{"taxonomy":"product_brand","embeddable":true,"href":"https:\/\/www.sunwaytech.eu\/it\/wp-json\/wp\/v2\/product_brand?post=4002"},{"taxonomy":"product_cat","embeddable":true,"href":"https:\/\/www.sunwaytech.eu\/it\/wp-json\/wp\/v2\/product_cat?post=4002"},{"taxonomy":"product_tag","embeddable":true,"href":"https:\/\/www.sunwaytech.eu\/it\/wp-json\/wp\/v2\/product_tag?post=4002"}],"curies":[{"name":"wp","href":"https:\/\/api.w.org\/{rel}","templated":true}]}}