{"id":4053,"date":"2025-03-18T18:18:54","date_gmt":"2025-03-18T17:18:54","guid":{"rendered":"https:\/\/www.sunwaytech.eu\/product\/senza-categoria\/sunwaytech-batteria-da-parete-5-kwh\/"},"modified":"2025-08-25T10:22:12","modified_gmt":"2025-08-25T08:22:12","slug":"sunwaytech-wallmount-battery-5-kwh","status":"publish","type":"product","link":"https:\/\/www.sunwaytech.eu\/it\/product\/batterie\/batterie-domestici\/batterie-a-parete\/sunwaytech-wallmount-battery-5-kwh\/","title":{"rendered":"Sunwaytech Batteria a Parete 5 kWh"},"content":{"rendered":"<p class=\"\" data-start=\"48\" data-end=\"440\">Il <strong data-start=\"51\" data-end=\"94\"><\/strong> \u00e8 una soluzione energetica per sistemi <strong>monofase<\/strong>, progettata per immagazzinare in modo efficiente l&#8217;energia solare generata durante il giorno e utilizzarla quando serve. In questo modo si riduce la dipendenza dalla rete e si garantisce un utilizzo ottimale della produzione di energia solare anche quando il sole non splende.<\/p>\n<p data-start=\"48\" data-end=\"440\"><strong data-start=\"106\" data-end=\"160\">Completamente certificato per il mercato italiano:<\/strong><br \/>\nQuesto prodotto \u00e8 conforme alle normative e certificazioni vigenti in Italia, garantendo massima sicurezza, affidabilit\u00e0 e facilit\u00e0 di integrazione nei sistemi domestici.<\/p>\n<ul data-start=\"509\" data-end=\"1093\">\n<li class=\"\" data-start=\"509\" data-end=\"636\">\n<p class=\"\" data-start=\"511\" data-end=\"636\"><strong data-start=\"511\" data-end=\"536\">Design all-in-one:<\/strong> sistema di gestione della batteria (BMS) integrato per una facile installazione senza componenti aggiuntivi.<\/p>\n<\/li>\n<li class=\"\" data-start=\"638\" data-end=\"740\">\n<p class=\"\" data-start=\"640\" data-end=\"740\"><strong data-start=\"640\" data-end=\"655\">Capacit\u00e0:<\/strong> capacit\u00e0 di accumulo di 5 kWh, adatta a famiglie con consumi medi.<\/p>\n<\/li>\n<li class=\"\" data-start=\"742\" data-end=\"860\">\n<p class=\"\" data-start=\"744\" data-end=\"860\"><strong data-start=\"701\" data-end=\"718\">Indicatore LED<\/strong>: un chiaro indicatore LED mostra la quantit\u00e0 di carica della batteria, consentendo di conoscere rapidamente lo stato attuale dell&#8217;accumulatore di energia.<\/p>\n<\/li>\n<li class=\"\" data-start=\"862\" data-end=\"1001\">\n<p class=\"\" data-start=\"864\" data-end=\"1001\"><strong data-start=\"864\" data-end=\"879\">Sicurezza:<\/strong> dotato di molteplici meccanismi di protezione, tra cui protezione da sovraccarico, surriscaldamento e cortocircuito.<\/p>\n<\/li>\n<li class=\"\" data-start=\"1003\" data-end=\"1093\">\n<p class=\"\" data-start=\"1005\" data-end=\"1093\"><strong data-start=\"1005\" data-end=\"1025\">Compatibilit\u00e0: \u00e8<\/strong> adatto all&#8217;uso con diversi inverter monofase.<\/p>\n<\/li>\n<\/ul>\n<p>Scegliete la sostenibilit\u00e0, la flessibilit\u00e0 e il massimo risparmio con le batterie domestiche Sunwaytech. Configuratele facilmente con il vostro inverter e prendete il pieno controllo del vostro consumo energetico.<\/p>\n","protected":false},"excerpt":{"rendered":"<p>Il \u00e8 una soluzione energetica per sistemi monofase, progettata per immagazzinare in modo efficiente l&#8217;energia solare generata durante il giorno e utilizzarla quando serve. In questo modo si riduce la dipendenza dalla rete e si garantisce un utilizzo ottimale della produzione di energia solare anche quando il sole non splende. Completamente certificato per il mercato [&hellip;]<\/p>\n","protected":false},"featured_media":3149,"template":"","meta":{"_acf_changed":false},"product_brand":[257],"product_cat":[131],"product_tag":[],"class_list":{"0":"post-4053","1":"product","2":"type-product","3":"status-publish","4":"has-post-thumbnail","6":"product_brand-sunwaytech-it","7":"product_cat-batterie-a-parete","9":"first","10":"instock","11":"taxable","12":"shipping-taxable","13":"purchasable","14":"product-type-simple"},"acf":[],"_links":{"self":[{"href":"https:\/\/www.sunwaytech.eu\/it\/wp-json\/wp\/v2\/product\/4053","targetHints":{"allow":["GET"]}}],"collection":[{"href":"https:\/\/www.sunwaytech.eu\/it\/wp-json\/wp\/v2\/product"}],"about":[{"href":"https:\/\/www.sunwaytech.eu\/it\/wp-json\/wp\/v2\/types\/product"}],"version-history":[{"count":2,"href":"https:\/\/www.sunwaytech.eu\/it\/wp-json\/wp\/v2\/product\/4053\/revisions"}],"predecessor-version":[{"id":8011,"href":"https:\/\/www.sunwaytech.eu\/it\/wp-json\/wp\/v2\/product\/4053\/revisions\/8011"}],"wp:featuredmedia":[{"embeddable":true,"href":"https:\/\/www.sunwaytech.eu\/it\/wp-json\/wp\/v2\/media\/3149"}],"wp:attachment":[{"href":"https:\/\/www.sunwaytech.eu\/it\/wp-json\/wp\/v2\/media?parent=4053"}],"wp:term":[{"taxonomy":"product_brand","embeddable":true,"href":"https:\/\/www.sunwaytech.eu\/it\/wp-json\/wp\/v2\/product_brand?post=4053"},{"taxonomy":"product_cat","embeddable":true,"href":"https:\/\/www.sunwaytech.eu\/it\/wp-json\/wp\/v2\/product_cat?post=4053"},{"taxonomy":"product_tag","embeddable":true,"href":"https:\/\/www.sunwaytech.eu\/it\/wp-json\/wp\/v2\/product_tag?post=4053"}],"curies":[{"name":"wp","href":"https:\/\/api.w.org\/{rel}","templated":true}]}}