{"id":8740,"date":"2025-12-12T12:54:10","date_gmt":"2025-12-12T11:54:10","guid":{"rendered":"https:\/\/www.sunwaytech.eu\/?post_type=product&#038;p=8740"},"modified":"2026-03-25T20:37:04","modified_gmt":"2026-03-25T19:37:04","slug":"sunwaytech-5-32-kwh-stackable-batterij-unit","status":"publish","type":"product","link":"https:\/\/www.sunwaytech.eu\/it\/product\/batterie\/batterie-domestici\/modulari\/sunwaytech-5-32-kwh-stackable-batterij-unit\/","title":{"rendered":"Sunwaytech 5.32 kWh Stackable Batterij Unit"},"content":{"rendered":"<p class=\"\" data-start=\"307\" data-end=\"726\">De <strong data-start=\"310\" data-end=\"354\"><\/strong> is een modulaire en uitbreidbare energieopslagoplossing voor <strong>3-fase<\/strong> systemen. ideaal voor huishoudens en bedrijven met een <strong>bovengemiddelde energievraag<\/strong>.<\/p>\n<p class=\"\" data-start=\"307\" data-end=\"726\"><strong data-start=\"45\" data-end=\"56\">Let op:<\/strong> Dit product is uitsluitend bedoeld om extra batterij-units toe te voegen aan een bestaand Sunwaytech Stackable 5.32 kWh systeem.<br data-start=\"188\" data-end=\"191\" \/>Wil je een compleet systeem kopen? Bekijk dan onze kant-en-klare <a href=\"https:\/\/www.sunwaytech.eu\/product-categorie\/batterijen\/thuisbatterijen\/stapelbaar\/\">stackable sets<\/a> van 15.97 t\/m 42.59 kWh in de webshop.<\/p>\n<p>Wil je profiteren van dynamische energietarieven en een snelle terugverdientijd? Voeg dan ons <a href=\"https:\/\/www.sunwaytech.eu\/product\/ems\/beer-doorn-energy-management-system\/\" target=\"_blank\" rel=\"noopener\">Energy Management System (EMS)<\/a> toe. Hiermee kun je niet alleen slim handelen op de onbalansmarkt, maar ook profiteren van extra functies zoals load balancing, peak shaving en curtailment, ideaal voor zakelijke gebruikers. Sluit het EMS aan op je omvormer en slimme meter, kies de gewenste functie en je bent klaar.<\/p>\n<p>Voor huishoudens met een <strong>gemiddeld energieverbruik<\/strong> bieden de <strong>Sunwaytech 1-fase Wallmount Batterijen<\/strong> een effici\u00ebnte en compacte oplossing. Deze alles-in-\u00e9\u00e9n batterijen zijn ideaal voor woningen zonder behoefte aan uitbreidbare opslagcapaciteit en zijn geschikt voor 1-fase omvormers. Daarnaast kunnen de Wallmount batterijen parallel tot 3 stuks worden uitgebreid voor extra opslagcapaciteit bij grotere energiebehoeften of uitbreiding van de hoeveelheid zonnepanelen.<\/p>\n<p>Kies voor duurzaamheid, flexibiliteit en maximale besparing met de Sunwaytech thuisbatterijen. Configureer ze eenvoudig met je omvormer en neem volledige controle over je energieverbruik.<\/p>\n","protected":false},"excerpt":{"rendered":"<p>De is een modulaire en uitbreidbare energieopslagoplossing voor 3-fase systemen. ideaal voor huishoudens en bedrijven met een bovengemiddelde energievraag. Let op: Dit product is uitsluitend bedoeld om extra batterij-units toe te voegen aan een bestaand Sunwaytech Stackable 5.32 kWh systeem.Wil je een compleet systeem kopen? Bekijk dan onze kant-en-klare stackable sets van 15.97 t\/m 42.59 [&hellip;]<\/p>\n","protected":false},"featured_media":8840,"template":"","meta":{"_acf_changed":false},"product_brand":[44],"product_cat":[86],"product_tag":[],"class_list":{"0":"post-8740","1":"product","2":"type-product","3":"status-publish","4":"has-post-thumbnail","6":"product_brand-sunwaytech","7":"product_cat-stapelbaar","9":"first","10":"outofstock","11":"taxable","12":"shipping-taxable","13":"purchasable","14":"product-type-simple"},"acf":[],"_links":{"self":[{"href":"https:\/\/www.sunwaytech.eu\/it\/wp-json\/wp\/v2\/product\/8740","targetHints":{"allow":["GET"]}}],"collection":[{"href":"https:\/\/www.sunwaytech.eu\/it\/wp-json\/wp\/v2\/product"}],"about":[{"href":"https:\/\/www.sunwaytech.eu\/it\/wp-json\/wp\/v2\/types\/product"}],"version-history":[{"count":2,"href":"https:\/\/www.sunwaytech.eu\/it\/wp-json\/wp\/v2\/product\/8740\/revisions"}],"predecessor-version":[{"id":8742,"href":"https:\/\/www.sunwaytech.eu\/it\/wp-json\/wp\/v2\/product\/8740\/revisions\/8742"}],"wp:featuredmedia":[{"embeddable":true,"href":"https:\/\/www.sunwaytech.eu\/it\/wp-json\/wp\/v2\/media\/8840"}],"wp:attachment":[{"href":"https:\/\/www.sunwaytech.eu\/it\/wp-json\/wp\/v2\/media?parent=8740"}],"wp:term":[{"taxonomy":"product_brand","embeddable":true,"href":"https:\/\/www.sunwaytech.eu\/it\/wp-json\/wp\/v2\/product_brand?post=8740"},{"taxonomy":"product_cat","embeddable":true,"href":"https:\/\/www.sunwaytech.eu\/it\/wp-json\/wp\/v2\/product_cat?post=8740"},{"taxonomy":"product_tag","embeddable":true,"href":"https:\/\/www.sunwaytech.eu\/it\/wp-json\/wp\/v2\/product_tag?post=8740"}],"curies":[{"name":"wp","href":"https:\/\/api.w.org\/{rel}","templated":true}]}}